{"id":16,"date":"2019-09-09T19:58:54","date_gmt":"2019-09-09T19:58:54","guid":{"rendered":"http:\/\/blog.qantion.org\/?page_id=16"},"modified":"2019-10-27T20:34:29","modified_gmt":"2019-10-27T20:34:29","slug":"licence","status":"publish","type":"page","link":"https:\/\/blog.qantion.org\/?page_id=16","title":{"rendered":"Licence"},"content":{"rendered":"<h2 style=\"text-align: justify;\">Licence<\/h2>\n<h2 style=\"text-align: justify;\">Projet<\/h2>\n<p style=\"text-align: justify;\">Alors que <a title=\"Projet nebule\" href=\"http:\/\/blog.nebule.org\" target=\"_blank\">nebule<\/a> est un concept, donc une \u00c5\u201cuvre intellectuelle, <em>qantion<\/em> est une impl\u00e9mentation logicielle bas\u00e9e sur <em>nebule<\/em>.<\/p>\n<pre style=\"text-align: center;\">::<\/pre>\n<h3>Code<\/h3>\n<p style=\"text-align: justify;\">Tous les codes, scripts et programmes du projet\u00c2\u00a0<em>qantion<\/em> sont diffus\u00e9s sous licence <a title=\"GNU GPL\" href=\"http:\/\/www.gnu.org\/copyleft\/gpl.html\" target=\"_blank\">GNU GPL<\/a>.<a href=\"http:\/\/www.gnu.org\/\"><img decoding=\"async\" loading=\"lazy\" class=\"alignleft size-full wp-image-269\" src=\"http:\/\/blog.sylabe.org\/wp-uploads\/sylabe\/2013\/06\/gplv3.png\" alt=\"gplv3\" width=\"127\" height=\"51\" \/><\/a><br \/>\nLes codes concern\u00e9s sont en <a title=\"php\" href=\"http:\/\/php.net\/\" target=\"_blank\">php<\/a>.<br \/>\n<a href=\"http:\/\/blog.sylabe.org\/wp-uploads\/sylabe\/2013\/07\/li.png\"><img decoding=\"async\" loading=\"lazy\" src=\"http:\/\/blog.sylabe.org\/wp-uploads\/sylabe\/2013\/07\/li.png\" alt=\"li\" width=\"20\" height=\"20\" \/><\/a>Toute utilisation sous une autre licence <span style=\"text-decoration: underline;\">doit<\/span> faire l&rsquo;objet d&rsquo;une autorisation pr\u00e9alable.<\/p>\n<pre style=\"text-align: center;\">::<\/pre>\n<h3>Logo et th\u00e8me<\/h3>\n<p style=\"text-align: justify;\">Sauf mention contraire, les contenus graphiques des sites web du projet\u00c2\u00a0<em>qantion<\/em> sont diffus\u00e9s sous licence <a title=\"(CC) BY-NC-SA\" href=\"http:\/\/creativecommons.org\/licenses\/by-nc-sa\/3.0\/fr\/\" target=\"_blank\">(CC) BY-NC-SA<\/a>.<a href=\"http:\/\/creativecommons.org\/licenses\/by-nc-sa\/3.0\/fr\/\"><img decoding=\"async\" loading=\"lazy\" class=\"size-full wp-image-266 alignleft\" src=\"http:\/\/blog.sylabe.org\/wp-uploads\/sylabe\/2013\/06\/CC_BY-NC-SA.png\" alt=\"CC_BY-NC-SA\" width=\"88\" height=\"31\" \/><\/a><\/p>\n<pre style=\"text-align: center;\">-<\/pre>\n<p style=\"text-align: justify;\">Le logo est l&rsquo;image de marque du projet <em>qantion<\/em>. En tant que tel, il ne peut \u00eatre utilis\u00e9 que dans un contexte directement associ\u00e9 au projet <em>qantion<\/em>.<a href=\"http:\/\/creativecommons.org\/licenses\/by-nc-nd\/3.0\/fr\/\"><img decoding=\"async\" loading=\"lazy\" class=\"alignleft size-full wp-image-268\" src=\"http:\/\/blog.sylabe.org\/wp-uploads\/sylabe\/2013\/06\/CC_BY-NC-ND.png\" alt=\"CC_BY-NC-ND\" width=\"88\" height=\"31\" \/><\/a><br \/>\nIl dispose pour cela d&rsquo;une licence sp\u00e9cifique, la <a title=\"(CC) BY-ND\" href=\"http:\/\/creativecommons.org\/licenses\/by-nc-nd\/3.0\/fr\/\" target=\"_blank\">(CC) BY-NC-ND<\/a>.<br \/>\n<a href=\"http:\/\/blog.sylabe.org\/wp-uploads\/sylabe\/2013\/07\/li.png\"><img decoding=\"async\" loading=\"lazy\" class=\"alignnone  wp-image-65\" src=\"http:\/\/blog.sylabe.org\/wp-uploads\/sylabe\/2013\/07\/li.png\" alt=\"li\" width=\"20\" height=\"20\" \/><\/a>Toute utilisation hors du contexte du projet\u00c2\u00a0<em>qantion<\/em> ou sous une forme d\u00e9tourn\u00e9e <span style=\"text-decoration: underline;\">doit<\/span> faire l&rsquo;objet d&rsquo;une autorisation pr\u00e9alable.<br \/>\nLe logo est t\u00e9l\u00e9chargeable ici :<\/p>\n<p style=\"text-align: center;\"><a href=\"\/wp-content\/uploads\/qantion\/2019\/09\/qantion_logo_256_gray.png\"><img decoding=\"async\" loading=\"lazy\" class=\"alignnone size-full wp-image-123\" src=\"\/wp-content\/uploads\/qantion\/2019\/09\/qantion_logo_256_gray.png\" alt=\"qantion_logo_256_gray\" width=\"256\" height=\"256\" srcset=\"\/wp-content\/uploads\/qantion\/2019\/09\/qantion_logo_256_gray.png 256w, \/wp-content\/uploads\/qantion\/2019\/09\/qantion_logo_256_gray-150x150.png 150w\" sizes=\"(max-width: 256px) 100vw, 256px\" \/><\/a><\/p>\n<pre style=\"text-align: center;\">::<\/pre>\n<p>Les ic\u00f4nes utilis\u00e9es pour le projet\u00c2\u00a0<em>qantion<\/em> sont des contenus graphiques et sont diffus\u00e9s sous licence <a title=\"(CC) BY-NC-SA\" href=\"http:\/\/creativecommons.org\/licenses\/by-nc-sa\/3.0\/fr\/\" target=\"_blank\">(CC) BY-NC-SA<\/a><a href=\"http:\/\/creativecommons.org\/licenses\/by-nc-sa\/3.0\/fr\/\"><img decoding=\"async\" loading=\"lazy\" class=\"size-full wp-image-266 alignleft\" src=\"http:\/\/blog.sylabe.org\/wp-uploads\/sylabe\/2013\/06\/CC_BY-NC-SA.png\" alt=\"CC_BY-NC-SA\" width=\"88\" height=\"31\" \/><\/a> .<br \/>\nLa liste est disponible sur la page <a title=\"Iconographie\" href=\"http:\/\/blog.messae.org\/?page_id=12\">iconographie<\/a>.<\/p>\n","protected":false},"excerpt":{"rendered":"<p>Licence Projet Alors que nebule est un concept, donc une \u00c5\u201cuvre intellectuelle, qantion est une impl\u00e9mentation logicielle bas\u00e9e sur nebule. :: Code Tous les codes, scripts et programmes du projet\u00c2\u00a0qantion sont diffus\u00e9s sous licence GNU GPL. Les codes concern\u00e9s sont en php. Toute utilisation sous une autre licence doit faire l&rsquo;objet d&rsquo;une autorisation pr\u00e9alable. :: &hellip; <a href=\"https:\/\/blog.qantion.org\/?page_id=16\" class=\"more-link\">Continuer la lecture de <span class=\"screen-reader-text\">Licence<\/span><\/a><\/p>\n","protected":false},"author":1,"featured_media":0,"parent":0,"menu_order":9,"comment_status":"open","ping_status":"open","template":"","meta":[],"_links":{"self":[{"href":"https:\/\/blog.qantion.org\/index.php?rest_route=\/wp\/v2\/pages\/16"}],"collection":[{"href":"https:\/\/blog.qantion.org\/index.php?rest_route=\/wp\/v2\/pages"}],"about":[{"href":"https:\/\/blog.qantion.org\/index.php?rest_route=\/wp\/v2\/types\/page"}],"author":[{"embeddable":true,"href":"https:\/\/blog.qantion.org\/index.php?rest_route=\/wp\/v2\/users\/1"}],"replies":[{"embeddable":true,"href":"https:\/\/blog.qantion.org\/index.php?rest_route=%2Fwp%2Fv2%2Fcomments&post=16"}],"version-history":[{"count":4,"href":"https:\/\/blog.qantion.org\/index.php?rest_route=\/wp\/v2\/pages\/16\/revisions"}],"predecessor-version":[{"id":124,"href":"https:\/\/blog.qantion.org\/index.php?rest_route=\/wp\/v2\/pages\/16\/revisions\/124"}],"wp:attachment":[{"href":"https:\/\/blog.qantion.org\/index.php?rest_route=%2Fwp%2Fv2%2Fmedia&parent=16"}],"curies":[{"name":"wp","href":"https:\/\/api.w.org\/{rel}","templated":true}]}}